{"id":2,"date":"2016-05-10T03:48:21","date_gmt":"2016-05-10T03:48:21","guid":{"rendered":"http:\/\/wp.siegls-raederwerkstatt.de\/?page_id=2"},"modified":"2023-03-01T16:56:36","modified_gmt":"2023-03-01T16:56:36","slug":"sample-page","status":"publish","type":"page","link":"https:\/\/www.siegls-raederwerkstatt.de\/","title":{"rendered":"Leistungen"},"content":{"rendered":"\t\t<div data-elementor-type=\"wp-page\" data-elementor-id=\"2\" class=\"elementor elementor-2\">\n\t\t\t\t\t\t<section class=\"elementor-section elementor-top-section elementor-element elementor-element-76e4ae4d elementor-section-boxed elementor-section-height-default elementor-section-height-default\" data-id=\"76e4ae4d\" data-element_type=\"section\" data-e-type=\"section\">\n\t\t\t\t\t\t<div class=\"elementor-container elementor-column-gap-default\">\n\t\t\t\t\t<div class=\"elementor-column elementor-col-100 elementor-top-column elementor-element elementor-element-77f303ad\" data-id=\"77f303ad\" data-element_type=\"column\" data-e-type=\"column\">\n\t\t\t<div class=\"elementor-widget-wrap elementor-element-populated\">\n\t\t\t\t\t\t<div class=\"elementor-element elementor-element-3e8cc8a6 elementor-widget elementor-widget-text-editor\" data-id=\"3e8cc8a6\" data-element_type=\"widget\" data-e-type=\"widget\" data-widget_type=\"text-editor.default\">\n\t\t\t\t<div class=\"elementor-widget-container\">\n\t\t\t\t\t\t\t\t\t<div>\n<ul>\n<li>Service vor Ort bei Ihnen Zuhause<\/li>\n<li>Service Fahrrad \/ E-Bike<\/li>\n<li>Reparaturen Fahrr\u00e4der (markenunabh\u00e4ngig)<\/li>\n<li>Fachh\u00e4ndler Shimano Steps, Bosch<\/li>\n<li>Fahrradverkauf und Custombike<\/li>\n<li>Fahrradleasing Jobrad<\/li>\n<li>Flottenreparaturen<\/li>\n<li>Faire und transparente <a href=\"https:\/\/www.siegls-raederwerkstatt.de\/?page_id=62\">Preise<\/a><\/li>\n<\/ul>\n<\/div>\n<p><\/p>\n<p><\/p>\t\t\t\t\t\t\t\t<\/div>\n\t\t\t\t<\/div>\n\t\t\t\t\t<\/div>\n\t\t<\/div>\n\t\t\t\t\t<\/div>\n\t\t<\/section>\n\t\t\t\t<section class=\"elementor-section elementor-top-section elementor-element elementor-element-ac8efdd elementor-section-boxed elementor-section-height-default elementor-section-height-default\" data-id=\"ac8efdd\" data-element_type=\"section\" data-e-type=\"section\">\n\t\t\t\t\t\t<div class=\"elementor-container elementor-column-gap-default\">\n\t\t\t\t\t<div class=\"elementor-column elementor-col-100 elementor-top-column elementor-element elementor-element-06f5c43\" data-id=\"06f5c43\" data-element_type=\"column\" data-e-type=\"column\">\n\t\t\t<div class=\"elementor-widget-wrap elementor-element-populated\">\n\t\t\t\t\t\t<div class=\"elementor-element elementor-element-ec70fe6 elementor-widget elementor-widget-spacer\" data-id=\"ec70fe6\" data-element_type=\"widget\" data-e-type=\"widget\" data-widget_type=\"spacer.default\">\n\t\t\t\t<div class=\"elementor-widget-container\">\n\t\t\t\t\t\t\t<div class=\"elementor-spacer\">\n\t\t\t<div class=\"elementor-spacer-inner\"><\/div>\n\t\t<\/div>\n\t\t\t\t\t\t<\/div>\n\t\t\t\t<\/div>\n\t\t\t\t\t<\/div>\n\t\t<\/div>\n\t\t\t\t\t<\/div>\n\t\t<\/section>\n\t\t\t\t<section class=\"elementor-section elementor-top-section elementor-element elementor-element-ce02c25 elementor-section-boxed elementor-section-height-default elementor-section-height-default\" data-id=\"ce02c25\" data-element_type=\"section\" data-e-type=\"section\">\n\t\t\t\t\t\t<div class=\"elementor-container elementor-column-gap-default\">\n\t\t\t\t\t<div class=\"elementor-column elementor-col-100 elementor-top-column elementor-element elementor-element-1fb44c9\" data-id=\"1fb44c9\" data-element_type=\"column\" data-e-type=\"column\">\n\t\t\t<div class=\"elementor-widget-wrap elementor-element-populated\">\n\t\t\t\t\t\t<div class=\"elementor-element elementor-element-a7fb7dc elementor-widget elementor-widget-heading\" data-id=\"a7fb7dc\" data-element_type=\"widget\" data-e-type=\"widget\" data-widget_type=\"heading.default\">\n\t\t\t\t<div class=\"elementor-widget-container\">\n\t\t\t\t\t<h3 class=\"elementor-heading-title elementor-size-default\">Angebot<\/h3>\t\t\t\t<\/div>\n\t\t\t\t<\/div>\n\t\t\t\t\t<\/div>\n\t\t<\/div>\n\t\t\t\t\t<\/div>\n\t\t<\/section>\n\t\t\t\t<section class=\"elementor-section elementor-top-section elementor-element elementor-element-69cebfe elementor-section-boxed elementor-section-height-default elementor-section-height-default\" data-id=\"69cebfe\" data-element_type=\"section\" data-e-type=\"section\">\n\t\t\t\t\t\t<div class=\"elementor-container elementor-column-gap-default\">\n\t\t\t\t\t<div class=\"elementor-column elementor-col-33 elementor-top-column elementor-element elementor-element-a575785\" data-id=\"a575785\" data-element_type=\"column\" data-e-type=\"column\">\n\t\t\t<div class=\"elementor-widget-wrap elementor-element-populated\">\n\t\t\t\t\t\t<div class=\"elementor-element elementor-element-d0d4719 elementor-widget elementor-widget-image\" data-id=\"d0d4719\" data-element_type=\"widget\" data-e-type=\"widget\" data-widget_type=\"image.default\">\n\t\t\t\t<div class=\"elementor-widget-container\">\n\t\t\t\t\t\t\t\t\t\t\t\t\t\t\t\t<a href=\"https:\/\/www.vanraam.com\" target=\"_blank\">\n\t\t\t\t\t\t\t<img fetchpriority=\"high\" decoding=\"async\" width=\"500\" height=\"200\" src=\"https:\/\/www.siegls-raederwerkstatt.de\/wp-content\/uploads\/2023\/03\/vanraam_logo.png\" class=\"attachment-large size-large wp-image-711\" alt=\"\" srcset=\"https:\/\/www.siegls-raederwerkstatt.de\/wp-content\/uploads\/2023\/03\/vanraam_logo.png 500w, https:\/\/www.siegls-raederwerkstatt.de\/wp-content\/uploads\/2023\/03\/vanraam_logo-300x120.png 300w, https:\/\/www.siegls-raederwerkstatt.de\/wp-content\/uploads\/2023\/03\/vanraam_logo-230x92.png 230w, https:\/\/www.siegls-raederwerkstatt.de\/wp-content\/uploads\/2023\/03\/vanraam_logo-350x140.png 350w, https:\/\/www.siegls-raederwerkstatt.de\/wp-content\/uploads\/2023\/03\/vanraam_logo-480x192.png 480w\" sizes=\"(max-width: 500px) 100vw, 500px\" \/>\t\t\t\t\t\t\t\t<\/a>\n\t\t\t\t\t\t\t\t\t\t\t\t\t\t\t<\/div>\n\t\t\t\t<\/div>\n\t\t\t\t\t<\/div>\n\t\t<\/div>\n\t\t\t\t<div class=\"elementor-column elementor-col-33 elementor-top-column elementor-element elementor-element-d9a59e0\" data-id=\"d9a59e0\" data-element_type=\"column\" data-e-type=\"column\">\n\t\t\t<div class=\"elementor-widget-wrap elementor-element-populated\">\n\t\t\t\t\t\t<div class=\"elementor-element elementor-element-2cdab99 elementor-widget elementor-widget-image\" data-id=\"2cdab99\" data-element_type=\"widget\" data-e-type=\"widget\" data-widget_type=\"image.default\">\n\t\t\t\t<div class=\"elementor-widget-container\">\n\t\t\t\t\t\t\t\t\t\t\t\t\t\t\t\t<a href=\"https:\/\/www.feldmeier-bike.de\" target=\"_blank\">\n\t\t\t\t\t\t\t<img decoding=\"async\" width=\"501\" height=\"201\" src=\"https:\/\/www.siegls-raederwerkstatt.de\/wp-content\/uploads\/2022\/02\/feldmeier_logo.png\" class=\"attachment-large size-large wp-image-521\" alt=\"\" srcset=\"https:\/\/www.siegls-raederwerkstatt.de\/wp-content\/uploads\/2022\/02\/feldmeier_logo.png 501w, https:\/\/www.siegls-raederwerkstatt.de\/wp-content\/uploads\/2022\/02\/feldmeier_logo-300x120.png 300w, https:\/\/www.siegls-raederwerkstatt.de\/wp-content\/uploads\/2022\/02\/feldmeier_logo-230x92.png 230w, https:\/\/www.siegls-raederwerkstatt.de\/wp-content\/uploads\/2022\/02\/feldmeier_logo-350x140.png 350w, https:\/\/www.siegls-raederwerkstatt.de\/wp-content\/uploads\/2022\/02\/feldmeier_logo-480x193.png 480w\" sizes=\"(max-width: 501px) 100vw, 501px\" \/>\t\t\t\t\t\t\t\t<\/a>\n\t\t\t\t\t\t\t\t\t\t\t\t\t\t\t<\/div>\n\t\t\t\t<\/div>\n\t\t\t\t\t<\/div>\n\t\t<\/div>\n\t\t\t\t<div class=\"elementor-column elementor-col-33 elementor-top-column elementor-element elementor-element-90f02de\" data-id=\"90f02de\" data-element_type=\"column\" data-e-type=\"column\">\n\t\t\t<div class=\"elementor-widget-wrap elementor-element-populated\">\n\t\t\t\t\t\t<div class=\"elementor-element elementor-element-f00d46d elementor-widget elementor-widget-image\" data-id=\"f00d46d\" data-element_type=\"widget\" data-e-type=\"widget\" data-widget_type=\"image.default\">\n\t\t\t\t<div class=\"elementor-widget-container\">\n\t\t\t\t\t\t\t\t\t\t\t\t\t\t\t\t<a href=\"https:\/\/de.idealbikes.net\" target=\"_blank\">\n\t\t\t\t\t\t\t<img decoding=\"async\" width=\"501\" height=\"201\" src=\"https:\/\/www.siegls-raederwerkstatt.de\/wp-content\/uploads\/2022\/02\/ideal_logo.png\" class=\"attachment-large size-large wp-image-544\" alt=\"\" srcset=\"https:\/\/www.siegls-raederwerkstatt.de\/wp-content\/uploads\/2022\/02\/ideal_logo.png 501w, https:\/\/www.siegls-raederwerkstatt.de\/wp-content\/uploads\/2022\/02\/ideal_logo-300x120.png 300w, https:\/\/www.siegls-raederwerkstatt.de\/wp-content\/uploads\/2022\/02\/ideal_logo-230x92.png 230w, https:\/\/www.siegls-raederwerkstatt.de\/wp-content\/uploads\/2022\/02\/ideal_logo-350x140.png 350w, https:\/\/www.siegls-raederwerkstatt.de\/wp-content\/uploads\/2022\/02\/ideal_logo-480x193.png 480w\" sizes=\"(max-width: 501px) 100vw, 501px\" \/>\t\t\t\t\t\t\t\t<\/a>\n\t\t\t\t\t\t\t\t\t\t\t\t\t\t\t<\/div>\n\t\t\t\t<\/div>\n\t\t\t\t\t<\/div>\n\t\t<\/div>\n\t\t\t\t\t<\/div>\n\t\t<\/section>\n\t\t\t\t<section class=\"elementor-section elementor-top-section elementor-element elementor-element-45f6fb2 elementor-section-boxed elementor-section-height-default elementor-section-height-default\" data-id=\"45f6fb2\" data-element_type=\"section\" data-e-type=\"section\">\n\t\t\t\t\t\t<div class=\"elementor-container elementor-column-gap-default\">\n\t\t\t\t\t<div class=\"elementor-column elementor-col-33 elementor-top-column elementor-element elementor-element-b06678b\" data-id=\"b06678b\" data-element_type=\"column\" data-e-type=\"column\">\n\t\t\t<div class=\"elementor-widget-wrap elementor-element-populated\">\n\t\t\t\t\t\t<div class=\"elementor-element elementor-element-a803072 elementor-widget elementor-widget-image\" data-id=\"a803072\" data-element_type=\"widget\" data-e-type=\"widget\" data-widget_type=\"image.default\">\n\t\t\t\t<div class=\"elementor-widget-container\">\n\t\t\t\t\t\t\t\t\t\t\t\t\t\t\t\t<a href=\"https:\/\/www.pfautec.de\" target=\"_blank\">\n\t\t\t\t\t\t\t<img loading=\"lazy\" decoding=\"async\" width=\"501\" height=\"200\" src=\"https:\/\/www.siegls-raederwerkstatt.de\/wp-content\/uploads\/2022\/02\/pfautec_logo.png\" class=\"attachment-large size-large wp-image-524\" alt=\"\" srcset=\"https:\/\/www.siegls-raederwerkstatt.de\/wp-content\/uploads\/2022\/02\/pfautec_logo.png 501w, https:\/\/www.siegls-raederwerkstatt.de\/wp-content\/uploads\/2022\/02\/pfautec_logo-300x120.png 300w, https:\/\/www.siegls-raederwerkstatt.de\/wp-content\/uploads\/2022\/02\/pfautec_logo-230x92.png 230w, https:\/\/www.siegls-raederwerkstatt.de\/wp-content\/uploads\/2022\/02\/pfautec_logo-350x140.png 350w, https:\/\/www.siegls-raederwerkstatt.de\/wp-content\/uploads\/2022\/02\/pfautec_logo-480x192.png 480w\" sizes=\"(max-width: 501px) 100vw, 501px\" \/>\t\t\t\t\t\t\t\t<\/a>\n\t\t\t\t\t\t\t\t\t\t\t\t\t\t\t<\/div>\n\t\t\t\t<\/div>\n\t\t\t\t\t<\/div>\n\t\t<\/div>\n\t\t\t\t<div class=\"elementor-column elementor-col-33 elementor-top-column elementor-element elementor-element-9f1bed9\" data-id=\"9f1bed9\" data-element_type=\"column\" data-e-type=\"column\">\n\t\t\t<div class=\"elementor-widget-wrap elementor-element-populated\">\n\t\t\t\t\t\t<div class=\"elementor-element elementor-element-fecd0ed elementor-widget elementor-widget-image\" data-id=\"fecd0ed\" data-element_type=\"widget\" data-e-type=\"widget\" data-widget_type=\"image.default\">\n\t\t\t\t<div class=\"elementor-widget-container\">\n\t\t\t\t\t\t\t\t\t\t\t\t\t\t\t\t<a href=\"https:\/\/www.hinterher.com\" target=\"_blank\">\n\t\t\t\t\t\t\t<img loading=\"lazy\" decoding=\"async\" width=\"501\" height=\"201\" src=\"https:\/\/www.siegls-raederwerkstatt.de\/wp-content\/uploads\/2022\/02\/hinterher_logo.png\" class=\"attachment-large size-large wp-image-522\" alt=\"\" srcset=\"https:\/\/www.siegls-raederwerkstatt.de\/wp-content\/uploads\/2022\/02\/hinterher_logo.png 501w, https:\/\/www.siegls-raederwerkstatt.de\/wp-content\/uploads\/2022\/02\/hinterher_logo-300x120.png 300w, https:\/\/www.siegls-raederwerkstatt.de\/wp-content\/uploads\/2022\/02\/hinterher_logo-230x92.png 230w, https:\/\/www.siegls-raederwerkstatt.de\/wp-content\/uploads\/2022\/02\/hinterher_logo-350x140.png 350w, https:\/\/www.siegls-raederwerkstatt.de\/wp-content\/uploads\/2022\/02\/hinterher_logo-480x193.png 480w\" sizes=\"(max-width: 501px) 100vw, 501px\" \/>\t\t\t\t\t\t\t\t<\/a>\n\t\t\t\t\t\t\t\t\t\t\t\t\t\t\t<\/div>\n\t\t\t\t<\/div>\n\t\t\t\t\t<\/div>\n\t\t<\/div>\n\t\t\t\t<div class=\"elementor-column elementor-col-33 elementor-top-column elementor-element elementor-element-8b56055\" data-id=\"8b56055\" data-element_type=\"column\" data-e-type=\"column\">\n\t\t\t<div class=\"elementor-widget-wrap elementor-element-populated\">\n\t\t\t\t\t\t<div class=\"elementor-element elementor-element-4711970 elementor-widget elementor-widget-image\" data-id=\"4711970\" data-element_type=\"widget\" data-e-type=\"widget\" data-widget_type=\"image.default\">\n\t\t\t\t<div class=\"elementor-widget-container\">\n\t\t\t\t\t\t\t\t\t\t\t\t\t\t\t\t<a href=\"https:\/\/www.huka-deutschland.de\" target=\"_blank\">\n\t\t\t\t\t\t\t<img loading=\"lazy\" decoding=\"async\" width=\"500\" height=\"200\" src=\"https:\/\/www.siegls-raederwerkstatt.de\/wp-content\/uploads\/2023\/03\/huka_logo.png\" class=\"attachment-large size-large wp-image-712\" alt=\"\" srcset=\"https:\/\/www.siegls-raederwerkstatt.de\/wp-content\/uploads\/2023\/03\/huka_logo.png 500w, https:\/\/www.siegls-raederwerkstatt.de\/wp-content\/uploads\/2023\/03\/huka_logo-300x120.png 300w, https:\/\/www.siegls-raederwerkstatt.de\/wp-content\/uploads\/2023\/03\/huka_logo-230x92.png 230w, https:\/\/www.siegls-raederwerkstatt.de\/wp-content\/uploads\/2023\/03\/huka_logo-350x140.png 350w, https:\/\/www.siegls-raederwerkstatt.de\/wp-content\/uploads\/2023\/03\/huka_logo-480x192.png 480w\" sizes=\"(max-width: 500px) 100vw, 500px\" \/>\t\t\t\t\t\t\t\t<\/a>\n\t\t\t\t\t\t\t\t\t\t\t\t\t\t\t<\/div>\n\t\t\t\t<\/div>\n\t\t\t\t\t<\/div>\n\t\t<\/div>\n\t\t\t\t\t<\/div>\n\t\t<\/section>\n\t\t\t\t<section class=\"elementor-section elementor-top-section elementor-element elementor-element-30b9a07 elementor-section-boxed elementor-section-height-default elementor-section-height-default\" data-id=\"30b9a07\" data-element_type=\"section\" data-e-type=\"section\">\n\t\t\t\t\t\t<div class=\"elementor-container elementor-column-gap-default\">\n\t\t\t\t\t<div class=\"elementor-column elementor-col-100 elementor-top-column elementor-element elementor-element-a039271\" data-id=\"a039271\" data-element_type=\"column\" data-e-type=\"column\">\n\t\t\t<div class=\"elementor-widget-wrap elementor-element-populated\">\n\t\t\t\t\t\t<div class=\"elementor-element elementor-element-bf683c8 elementor-widget elementor-widget-spacer\" data-id=\"bf683c8\" data-element_type=\"widget\" data-e-type=\"widget\" data-widget_type=\"spacer.default\">\n\t\t\t\t<div class=\"elementor-widget-container\">\n\t\t\t\t\t\t\t<div class=\"elementor-spacer\">\n\t\t\t<div class=\"elementor-spacer-inner\"><\/div>\n\t\t<\/div>\n\t\t\t\t\t\t<\/div>\n\t\t\t\t<\/div>\n\t\t\t\t\t<\/div>\n\t\t<\/div>\n\t\t\t\t\t<\/div>\n\t\t<\/section>\n\t\t\t\t<section class=\"elementor-section elementor-top-section elementor-element elementor-element-c77c438 elementor-section-boxed elementor-section-height-default elementor-section-height-default\" data-id=\"c77c438\" data-element_type=\"section\" data-e-type=\"section\">\n\t\t\t\t\t\t<div class=\"elementor-container elementor-column-gap-default\">\n\t\t\t\t\t<div class=\"elementor-column elementor-col-100 elementor-top-column elementor-element elementor-element-2013640\" data-id=\"2013640\" data-element_type=\"column\" data-e-type=\"column\">\n\t\t\t<div class=\"elementor-widget-wrap elementor-element-populated\">\n\t\t\t\t\t\t<div class=\"elementor-element elementor-element-aab9e7b elementor-widget elementor-widget-heading\" data-id=\"aab9e7b\" data-element_type=\"widget\" data-e-type=\"widget\" data-widget_type=\"heading.default\">\n\t\t\t\t<div class=\"elementor-widget-container\">\n\t\t\t\t\t<h3 class=\"elementor-heading-title elementor-size-default\">\u00dcber mich<\/h3>\t\t\t\t<\/div>\n\t\t\t\t<\/div>\n\t\t\t\t\t<\/div>\n\t\t<\/div>\n\t\t\t\t\t<\/div>\n\t\t<\/section>\n\t\t\t\t<section class=\"elementor-section elementor-top-section elementor-element elementor-element-393db21 elementor-section-boxed elementor-section-height-default elementor-section-height-default\" data-id=\"393db21\" data-element_type=\"section\" data-e-type=\"section\">\n\t\t\t\t\t\t<div class=\"elementor-container elementor-column-gap-default\">\n\t\t\t\t\t<div class=\"elementor-column elementor-col-100 elementor-top-column elementor-element elementor-element-b1ab6e6\" data-id=\"b1ab6e6\" data-element_type=\"column\" data-e-type=\"column\">\n\t\t\t<div class=\"elementor-widget-wrap elementor-element-populated\">\n\t\t\t\t\t\t<div class=\"elementor-element elementor-element-1fde686 elementor-widget elementor-widget-text-editor\" data-id=\"1fde686\" data-element_type=\"widget\" data-e-type=\"widget\" data-widget_type=\"text-editor.default\">\n\t\t\t\t<div class=\"elementor-widget-container\">\n\t\t\t\t\t\t\t\t\t<p><span style=\"color: var(--sydney-text-color); font-size: 16px;\">Im Januar 2012 er\u00f6ffnete ich meine R\u00e4derwerkstatt in Edling. Seitdem stehe ich Ihnen mit Rat und Tat rund ums Bike zur Verf\u00fcgung. Bei mir erhalten Sie kompetente Beratung, Service und Verkauf von hochwertigen Markenherstellern und Ersatzteilen.<\/span><\/p>\n<div>\n<p>Im Pedelec und E-Bike-Bereich biete ich den Verkauf und Reparatur von den Antriebsherstellern Bosch und Shimano Steps an.<\/p>\n<\/div>\t\t\t\t\t\t\t\t<\/div>\n\t\t\t\t<\/div>\n\t\t\t\t\t<\/div>\n\t\t<\/div>\n\t\t\t\t\t<\/div>\n\t\t<\/section>\n\t\t\t\t<\/div>\n\t\t","protected":false},"excerpt":{"rendered":"<p>Service vor Ort bei Ihnen Zuhause Service Fahrrad \/ E-Bike Reparaturen Fahrr\u00e4der (markenunabh\u00e4ngig) Fachh\u00e4ndler Shimano Steps, Bosch Fahrradverkauf und Custombike Fahrradleasing Jobrad [&hellip;]<\/p>\n","protected":false},"author":1,"featured_media":0,"parent":0,"menu_order":0,"comment_status":"closed","ping_status":"closed","template":"","meta":{"footnotes":""},"class_list":["post-2","page","type-page","status-publish","hentry"],"_links":{"self":[{"href":"https:\/\/www.siegls-raederwerkstatt.de\/index.php?rest_route=\/wp\/v2\/pages\/2","targetHints":{"allow":["GET"]}}],"collection":[{"href":"https:\/\/www.siegls-raederwerkstatt.de\/index.php?rest_route=\/wp\/v2\/pages"}],"about":[{"href":"https:\/\/www.siegls-raederwerkstatt.de\/index.php?rest_route=\/wp\/v2\/types\/page"}],"author":[{"embeddable":true,"href":"https:\/\/www.siegls-raederwerkstatt.de\/index.php?rest_route=\/wp\/v2\/users\/1"}],"replies":[{"embeddable":true,"href":"https:\/\/www.siegls-raederwerkstatt.de\/index.php?rest_route=%2Fwp%2Fv2%2Fcomments&post=2"}],"version-history":[{"count":42,"href":"https:\/\/www.siegls-raederwerkstatt.de\/index.php?rest_route=\/wp\/v2\/pages\/2\/revisions"}],"predecessor-version":[{"id":715,"href":"https:\/\/www.siegls-raederwerkstatt.de\/index.php?rest_route=\/wp\/v2\/pages\/2\/revisions\/715"}],"wp:attachment":[{"href":"https:\/\/www.siegls-raederwerkstatt.de\/index.php?rest_route=%2Fwp%2Fv2%2Fmedia&parent=2"}],"curies":[{"name":"wp","href":"https:\/\/api.w.org\/{rel}","templated":true}]}}